{"id":20,"date":"2018-07-25T12:40:04","date_gmt":"2018-07-25T12:40:04","guid":{"rendered":"http:\/\/fase.alp.dillingen.de\/?page_id=20"},"modified":"2018-07-26T10:01:49","modified_gmt":"2018-07-26T10:01:49","slug":"uber-diese-seite","status":"publish","type":"page","link":"https:\/\/fase.alp.dillingen.de\/?page_id=20","title":{"rendered":"Impressum"},"content":{"rendered":"<p>Die Website &#8222;Familien- und Sexualerziehung&#8220; wird gehostet von der <a href=\"http:\/\/www.alp.dillingen.de\" target=\"_blank\" rel=\"noopener\">Akademie f\u00fcr Lehrerfortbildung und Personalf\u00fchrung<\/a> (ALP) in Dillingen an der Donau.<\/p>\n<p>Alle Inhalte wurden erstellt oder gepr\u00fcft vom Arbeitskreis\u00a0&#8222;Familien- und Sexualerziehung&#8220; geleitet von Bianca Schmidt, Referat GA-1 des <a href=\"https:\/\/www.isb.bayern.de\/\" target=\"_blank\" rel=\"noopener\">Staatsinstituts f\u00fcr Schulqualit\u00e4t und Bildungsforschung M\u00fcnchen<\/a> (ISB).<\/p>\n<h4>Nutzungsbedingungen und Urheberrecht<\/h4>\n<p>Texte, Bilder, Grafiken sowie die Gestaltung dieser Internetseiten unterliegen dem Urheberrecht (Copyright). Sie d\u00fcrfen von Ihnen nur zum privaten und sonstigen eigenen Gebrauch im Rahmen des \u00a7 53 Urheberrechtsgesetz (UrhG) verwendet werden. Eine Vervielf\u00e4ltigung oder Verwendung dieser Seiten oder Teilen davon in anderen elektronischen oder gedruckten Publikationen und deren Ver\u00f6ffentlichung ist nur mit unserer Einwilligung gestattet. Diese erteilen auf Anfrage die f\u00fcr den Inhalt Verantwortlichen. Weiterhin k\u00f6nnen Texte, Bilder, Grafiken und sonstige Dateien ganz oder teilweise dem Urheberrecht Dritter unterliegen. Auch \u00fcber das Bestehen m\u00f6glicher Rechte Dritter geben Ihnen die f\u00fcr den Inhalt Verantwortlichen n\u00e4here Ausk\u00fcnfte.<\/p>\n<p>Der Nachdruck und die Auswertung von Pressemitteilungen und Reden sind mit Quellenangabe allgemein gestattet.<\/p>\n<h4>Haftungsausschluss<\/h4>\n<p>Die Akademie f\u00fcr Lehrerfortbildung und Personalf\u00fchrung hat alle auf dieser Internetseite bereitgestellten Informationen nach bestem Wissen und Gewissen erarbeitet und gepr\u00fcft. Eine Gew\u00e4hr f\u00fcr die jederzeitige Aktualit\u00e4t, Richtigkeit, Vollst\u00e4ndigkeit oder Qualit\u00e4t und Verf\u00fcgbarkeit der bereit gestellten Informationen k\u00f6nnen wir allerdings nicht \u00fcbernehmen. Ein Vertragsverh\u00e4ltnis mit den Nutzern des Internetangebots kommt nicht zustande.<\/p>\n<p>Die Akademie f\u00fcr Lehrerfortbildung und Personalf\u00fchrung haftet nicht f\u00fcr Sch\u00e4den, die durch die Nutzung dieses Internetangebots entstehen. Dieser Haftungsausschluss gilt nicht, soweit die Vorschriften des \u00a7 839 BGB (Haftung bei Amtspflichtverletzung) einschl\u00e4gig sind. F\u00fcr etwaige Sch\u00e4den, die beim Aufrufen oder Herunterladen von Daten durch Schadsoftware oder der Installation oder Nutzung von Software verursacht werden, wird nicht gehaftet.<\/p>\n<p>Falls im Einzelfall erforderlich: Der Haftungsausschluss gilt nicht f\u00fcr Informationen, die in den Anwendungsbereich der Europ\u00e4ischen Dienstleistungsrichtlinie (Richtlinie 2006\/123\/EG \u2013 DLRL) fallen. F\u00fcr diese Informationen wird die Richtigkeit und Aktualit\u00e4t gew\u00e4hrleistet.<\/p>\n<h4>Links<\/h4>\n<p>Von eigenen Inhalten der Akademie f\u00fcr Lehrerfortbildung und Personalf\u00fchrung sind Querverweise (&#8222;Links&#8220;) auf die Webseiten anderer Anbieter zu unterscheiden. Durch diese Links erm\u00f6glichen wir lediglich den Zugang zur Nutzung fremder Inhalte nach \u00a7 8 Telemediengesetz. Bei der erstmaligen Verkn\u00fcpfung mit diesen Internetangeboten haben wir diese fremden Inhalte daraufhin \u00fcberpr\u00fcft, ob durch sie eine m\u00f6gliche zivilrechtliche oder strafrechtliche Verantwortlichkeit ausgel\u00f6st wird. Wir k\u00f6nnen diese fremden Inhalte aber nicht st\u00e4ndig auf Ver\u00e4nderungen \u00fcberpr\u00fcfen und daher auch keine Verantwortung daf\u00fcr \u00fcbernehmen. F\u00fcr illegale, fehlerhafte oder unvollst\u00e4ndige Inhalte und insbesondere f\u00fcr Sch\u00e4den, die aus der Nutzung oder Nichtnutzung von Informationen Dritter entstehen, haftet allein der jeweilige Anbieter der Seite.<\/p>\n<p>&nbsp;<\/p>\n","protected":false},"excerpt":{"rendered":"<p>Die Website &#8222;Familien- und Sexualerziehung&#8220; wird gehostet von der Akademie f\u00fcr Lehrerfortbildung und Personalf\u00fchrung (ALP) in Dillingen an der Donau. Alle Inhalte wurden erstellt oder gepr\u00fcft vom Arbeitskreis\u00a0&#8222;Familien- und Sexualerziehung&#8220; geleitet von Bianca Schmidt, Referat GA-1 des Staatsinstituts f\u00fcr Schulqualit\u00e4t und Bildungsforschung M\u00fcnchen (ISB). Nutzungsbedingungen und Urheberrecht Texte, Bilder, Grafiken sowie die Gestaltung dieser Internetseiten &hellip; <\/p>\n<p class=\"link-more\"><a href=\"https:\/\/fase.alp.dillingen.de\/?page_id=20\" class=\"more-link\"><span class=\"screen-reader-text\">\u201eImpressum\u201c <\/span>weiterlesen<\/a><\/p>\n","protected":false},"author":1,"featured_media":0,"parent":0,"menu_order":0,"comment_status":"closed","ping_status":"closed","template":"","meta":{"footnotes":""},"class_list":["post-20","page","type-page","status-publish","hentry"],"_links":{"self":[{"href":"https:\/\/fase.alp.dillingen.de\/index.php?rest_route=\/wp\/v2\/pages\/20","targetHints":{"allow":["GET"]}}],"collection":[{"href":"https:\/\/fase.alp.dillingen.de\/index.php?rest_route=\/wp\/v2\/pages"}],"about":[{"href":"https:\/\/fase.alp.dillingen.de\/index.php?rest_route=\/wp\/v2\/types\/page"}],"author":[{"embeddable":true,"href":"https:\/\/fase.alp.dillingen.de\/index.php?rest_route=\/wp\/v2\/users\/1"}],"replies":[{"embeddable":true,"href":"https:\/\/fase.alp.dillingen.de\/index.php?rest_route=%2Fwp%2Fv2%2Fcomments&post=20"}],"version-history":[{"count":6,"href":"https:\/\/fase.alp.dillingen.de\/index.php?rest_route=\/wp\/v2\/pages\/20\/revisions"}],"predecessor-version":[{"id":53,"href":"https:\/\/fase.alp.dillingen.de\/index.php?rest_route=\/wp\/v2\/pages\/20\/revisions\/53"}],"wp:attachment":[{"href":"https:\/\/fase.alp.dillingen.de\/index.php?rest_route=%2Fwp%2Fv2%2Fmedia&parent=20"}],"curies":[{"name":"wp","href":"https:\/\/api.w.org\/{rel}","templated":true}]}}