{"id":16,"date":"2018-07-25T12:36:42","date_gmt":"2018-07-25T12:36:42","guid":{"rendered":"http:\/\/fase.alp.dillingen.de\/?page_id=16"},"modified":"2018-12-20T17:15:44","modified_gmt":"2018-12-20T16:15:44","slug":"soziale-und-personale-kompetenz","status":"publish","type":"page","link":"https:\/\/fase.alp.dillingen.de\/?page_id=16","title":{"rendered":"Soziale und personale Kompetenz, Pr\u00e4vention"},"content":{"rendered":"<p>Die Schule unterst\u00fctzt die Erziehungsberechtigten beim Aufbau und der St\u00e4rkung von sozialen und personalen F\u00e4higkeiten ihrer Kinder. Dabei gelten die in der Bayerischen Verfassung festgelegten Werte. (Vgl. Art. <a href=\"http:\/\/www.gesetze-bayern.de\/Content\/Document\/BayVerf-100\" target=\"_blank\" rel=\"noopener\">100<\/a>, <a href=\"http:\/\/www.gesetze-bayern.de\/Content\/Document\/BayVerf-107\" target=\"_blank\" rel=\"noopener\">107<\/a>, <a href=\"http:\/\/www.gesetze-bayern.de\/Content\/Document\/BayVerf-124\" target=\"_blank\" rel=\"noopener\">124<\/a>, <a href=\"http:\/\/www.gesetze-bayern.de\/Content\/Document\/BayVerf-125\" target=\"_blank\" rel=\"noopener\">125<\/a>, <a href=\"http:\/\/www.gesetze-bayern.de\/Content\/Document\/BayVerf-126\" target=\"_blank\" rel=\"noopener\">126<\/a>, <a href=\"http:\/\/www.gesetze-bayern.de\/Content\/Document\/BayVerf-131\" target=\"_blank\" rel=\"noopener\">131<\/a>, <a href=\"http:\/\/www.gesetze-bayern.de\/Content\/Document\/BayVerf-135\" target=\"_blank\" rel=\"noopener\">135<\/a> und <a href=\"http:\/\/www.gesetze-bayern.de\/Content\/Document\/BayVerf-136\" target=\"_blank\" rel=\"noopener\">136<\/a> BayVerf.)<\/p>\n<p>Kinder und Jugendliche sollen systematisch lernen, eigene Standpunkte zu vertreten, eine eigene Identit\u00e4t aufzubauen und sich in Belastungs- und Gefahrensituationen besser gegen\u00fcber anderen behaupten zu k\u00f6nnen.<\/p>\n<p><img loading=\"lazy\" decoding=\"async\" class=\"alignnone wp-image-69 size-full\" src=\"http:\/\/fase.alp.dillingen.de\/wp-content\/uploads\/2018\/12\/bild_selbstkompetenz.png\" alt=\"\" width=\"600\" height=\"621\" srcset=\"https:\/\/fase.alp.dillingen.de\/wp-content\/uploads\/2018\/12\/bild_selbstkompetenz.png 600w, https:\/\/fase.alp.dillingen.de\/wp-content\/uploads\/2018\/12\/bild_selbstkompetenz-290x300.png 290w\" sizes=\"auto, (max-width: 600px) 100vw, 600px\" \/><\/p>\n<p>Die Sch\u00fclerinnen und Sch\u00fcler halten sich an Verhaltensgrundregeln und Vorsichtsma\u00dfnahmen in allt\u00e4glichen Situationen. Ein besonderes Augenmerk liegt auf dem angemessenen Verhalten in Stress- und Konfliktsituationen. Dazu hilfreiche Angebote und Projekte sollten Lehrkr\u00e4fte und Eltern gemeinsam abstimmen und mittragen. An weiterf\u00fchrenden Schulen ist das Schulforum in die Planungen mit einzubeziehen.<\/p>\n\n<!-- NOTE: If you need to make changes to this file, copy it to your current theme's main\n\tdirectory so your changes won't be overwritten when the plugin is upgraded. -->\n\n<!-- Post Wrap Start-->\n<div class=\"post hentry ivycat-post\">\n\n\t<!-- \tThis outputs the post TITLE -->\n\t<h2 class=\"entry-title\"><a href=\"https:\/\/fase.alp.dillingen.de\/?p=158\">Basistext Soziale und personale Kompetenz<\/a><\/h2>\n\n\t<!-- \tThis outputs the post EXCERPT.  To display full content including images and html,\n\t\treplace the_excerpt(); with the_content();  below. -->\n\t<div class=\"entry-summary\">\n\t\t<p>Ziel ist es, Kinder und Jugendliche systematisch dabei zu st\u00e4rken, eigene Standpunkte zu vertreten, eine eigene Identit\u00e4t aufzubauen und sich in Belastungs- und Gefahrensituationen besser gegen\u00fcber anderen behaupten zu k\u00f6nnen. Die Sch\u00fclerinnen und Sch\u00fcler halten sich an Verhaltensgrundregeln und Vorsichtsma\u00dfnahmen in allt\u00e4glichen Situationen. Ein besonderes Augenmerk liegt auf dem angemessenen Verhalten in Stress- und Konfliktsituationen. &hellip; <\/p>\n<p class=\"link-more\"><a href=\"https:\/\/fase.alp.dillingen.de\/?p=158\" class=\"more-link\"><span class=\"screen-reader-text\">\u201eBasistext Soziale und personale Kompetenz\u201c <\/span>weiterlesen<\/a><\/p>\n\t<\/div>\n\n\t<!--\tThis outputs the post META information -->\n\t<div class=\"entry-utility\">\n\t\t\t\t\t<span class=\"cat-links\">\n\t\t\t\t<span class=\"entry-utility-prep entry-utility-prep-cat-links\">Posted in<\/span> <a href=\"https:\/\/fase.alp.dillingen.de\/?cat=6\" rel=\"category\">Soziale und personale Kompetenz<\/a>\t\t\t<\/span>\n\t\t\t<span class=\"meta-sep\">|<\/span>\n\t\t\t\t\t\t<span class=\"comments-link\">\n\t\t\t<span>Kommentare deaktiviert<span class=\"screen-reader-text\"> f\u00fcr Basistext Soziale und personale Kompetenz<\/span><\/span>\t\t<\/span>\n\t\t\t<\/div>\n<\/div>\n<!-- \/\/ Post Wrap End -->\n\n<!-- NOTE: If you need to make changes to this file, copy it to your current theme's main\n\tdirectory so your changes won't be overwritten when the plugin is upgraded. -->\n\n<!-- Post Wrap Start-->\n<div class=\"post hentry ivycat-post\">\n\n\t<!-- \tThis outputs the post TITLE -->\n\t<h2 class=\"entry-title\"><a href=\"https:\/\/fase.alp.dillingen.de\/?p=126\">Medienumwelt<\/a><\/h2>\n\n\t<!-- \tThis outputs the post EXCERPT.  To display full content including images and html,\n\t\treplace the_excerpt(); with the_content();  below. -->\n\t<div class=\"entry-summary\">\n\t\t<p>Kinder und Jugendliche sind besonders empf\u00e4nglich f\u00fcr Trends und Wertvorstellungen, die durch Medien verbreitet und verst\u00e4rkt werden. Ob Fernsehen, Internet, Musik, Computerspiele u.a. \u00fcberall scheint das Thema Sexualit\u00e4t pr\u00e4sent. Problematische und verst\u00f6rende Inhalte verfremden oder leugnen oftmals den Zusammenhang von Achtung, Z\u00e4rtlichkeit, Liebe und Sexualit\u00e4t und vermitteln ein bedenkliches M\u00e4nner- und Frauenbild. Im Rahmen der &hellip; <\/p>\n<p class=\"link-more\"><a href=\"https:\/\/fase.alp.dillingen.de\/?p=126\" class=\"more-link\"><span class=\"screen-reader-text\">\u201eMedienumwelt\u201c <\/span>weiterlesen<\/a><\/p>\n\t<\/div>\n\n\t<!--\tThis outputs the post META information -->\n\t<div class=\"entry-utility\">\n\t\t\t\t\t<span class=\"cat-links\">\n\t\t\t\t<span class=\"entry-utility-prep entry-utility-prep-cat-links\">Posted in<\/span> <a href=\"https:\/\/fase.alp.dillingen.de\/?cat=6\" rel=\"category\">Soziale und personale Kompetenz<\/a>\t\t\t<\/span>\n\t\t\t<span class=\"meta-sep\">|<\/span>\n\t\t\t\t\t\t<span class=\"comments-link\">\n\t\t\t<span>Kommentare deaktiviert<span class=\"screen-reader-text\"> f\u00fcr Medienumwelt<\/span><\/span>\t\t<\/span>\n\t\t\t<\/div>\n<\/div>\n<!-- \/\/ Post Wrap End -->\n\n<!-- NOTE: If you need to make changes to this file, copy it to your current theme's main\n\tdirectory so your changes won't be overwritten when the plugin is upgraded. -->\n\n<!-- Post Wrap Start-->\n<div class=\"post hentry ivycat-post\">\n\n\t<!-- \tThis outputs the post TITLE -->\n\t<h2 class=\"entry-title\"><a href=\"https:\/\/fase.alp.dillingen.de\/?p=116\">Was sind soziale personale Kompetenzen?<\/a><\/h2>\n\n\t<!-- \tThis outputs the post EXCERPT.  To display full content including images and html,\n\t\treplace the_excerpt(); with the_content();  below. -->\n\t<div class=\"entry-summary\">\n\t\t<p>1. Eigene Gef\u00fchle entwickeln und anhand von Mimik und Gestik erkennen Als Basis eines gewaltfreien Miteinanders sind eine aufmerksame Wahrnehmung der Gef\u00fchle des Gegen\u00fcbers und damit verbunden eine angemessene Reaktion darauf. Deshalb ist es wichtig, Kinder schon m\u00f6glichst fr\u00fch f\u00fcr mimische Kommunikation zu sensibilisieren. So kann erreicht werden, dass Konfliktsituationen, auch in einer Partnerschaft, erkannt &hellip; <\/p>\n<p class=\"link-more\"><a href=\"https:\/\/fase.alp.dillingen.de\/?p=116\" class=\"more-link\"><span class=\"screen-reader-text\">\u201eWas sind soziale personale Kompetenzen?\u201c <\/span>weiterlesen<\/a><\/p>\n\t<\/div>\n\n\t<!--\tThis outputs the post META information -->\n\t<div class=\"entry-utility\">\n\t\t\t\t\t<span class=\"cat-links\">\n\t\t\t\t<span class=\"entry-utility-prep entry-utility-prep-cat-links\">Posted in<\/span> <a href=\"https:\/\/fase.alp.dillingen.de\/?cat=6\" rel=\"category\">Soziale und personale Kompetenz<\/a>\t\t\t<\/span>\n\t\t\t<span class=\"meta-sep\">|<\/span>\n\t\t\t\t\t\t<span class=\"comments-link\">\n\t\t\t<span>Kommentare deaktiviert<span class=\"screen-reader-text\"> f\u00fcr Was sind soziale personale Kompetenzen?<\/span><\/span>\t\t<\/span>\n\t\t\t<\/div>\n<\/div>\n<!-- \/\/ Post Wrap End -->\n\n","protected":false},"excerpt":{"rendered":"<p>Die Schule unterst\u00fctzt die Erziehungsberechtigten beim Aufbau und der St\u00e4rkung von sozialen und personalen F\u00e4higkeiten ihrer Kinder. Dabei gelten die in der Bayerischen Verfassung festgelegten Werte. (Vgl. Art. 100, 107, 124, 125, 126, 131, 135 und 136 BayVerf.) Kinder und Jugendliche sollen systematisch lernen, eigene Standpunkte zu vertreten, eine eigene Identit\u00e4t aufzubauen und sich in &hellip; <\/p>\n<p class=\"link-more\"><a href=\"https:\/\/fase.alp.dillingen.de\/?p=116\" class=\"more-link\"><span class=\"screen-reader-text\">\u201eWas sind soziale personale Kompetenzen?\u201c <\/span>weiterlesen<\/a><\/p>\n","protected":false},"author":1,"featured_media":0,"parent":0,"menu_order":0,"comment_status":"closed","ping_status":"closed","template":"","meta":{"footnotes":""},"class_list":["post-16","page","type-page","status-publish","hentry"],"_links":{"self":[{"href":"https:\/\/fase.alp.dillingen.de\/index.php?rest_route=\/wp\/v2\/pages\/16","targetHints":{"allow":["GET"]}}],"collection":[{"href":"https:\/\/fase.alp.dillingen.de\/index.php?rest_route=\/wp\/v2\/pages"}],"about":[{"href":"https:\/\/fase.alp.dillingen.de\/index.php?rest_route=\/wp\/v2\/types\/page"}],"author":[{"embeddable":true,"href":"https:\/\/fase.alp.dillingen.de\/index.php?rest_route=\/wp\/v2\/users\/1"}],"replies":[{"embeddable":true,"href":"https:\/\/fase.alp.dillingen.de\/index.php?rest_route=%2Fwp%2Fv2%2Fcomments&post=16"}],"version-history":[{"count":14,"href":"https:\/\/fase.alp.dillingen.de\/index.php?rest_route=\/wp\/v2\/pages\/16\/revisions"}],"predecessor-version":[{"id":125,"href":"https:\/\/fase.alp.dillingen.de\/index.php?rest_route=\/wp\/v2\/pages\/16\/revisions\/125"}],"wp:attachment":[{"href":"https:\/\/fase.alp.dillingen.de\/index.php?rest_route=%2Fwp%2Fv2%2Fmedia&parent=16"}],"curies":[{"name":"wp","href":"https:\/\/api.w.org\/{rel}","templated":true}]}}