{"id":14,"date":"2018-07-25T12:33:04","date_gmt":"2018-07-25T12:33:04","guid":{"rendered":"http:\/\/fase.alp.dillingen.de\/?page_id=14"},"modified":"2018-12-20T17:19:47","modified_gmt":"2018-12-20T16:19:47","slug":"selbstkonzept-und-gesellschaft","status":"publish","type":"page","link":"https:\/\/fase.alp.dillingen.de\/?page_id=14","title":{"rendered":"Selbstkonzept und Gesellschaft"},"content":{"rendered":"<p>Das Verst\u00e4ndnis der eigenen Geschlechtlichkeit, die Bedeutung einer seelisch k\u00f6rperlichen Partnerschaft l\u00e4sst Jugendliche die Notwendigkeit sittlicher Entscheidungen und verantwortungsbewussten Handelns erkennen.<\/p>\n<p><img loading=\"lazy\" decoding=\"async\" class=\"alignnone wp-image-65 size-full\" src=\"http:\/\/fase.alp.dillingen.de\/wp-content\/uploads\/2018\/12\/Grafik_Ideen_Sexualit\u00e4t.png\" alt=\"\" width=\"600\" height=\"579\" srcset=\"https:\/\/fase.alp.dillingen.de\/wp-content\/uploads\/2018\/12\/Grafik_Ideen_Sexualit\u00e4t.png 600w, https:\/\/fase.alp.dillingen.de\/wp-content\/uploads\/2018\/12\/Grafik_Ideen_Sexualit\u00e4t-300x290.png 300w\" sizes=\"auto, (max-width: 600px) 100vw, 600px\" \/><\/p>\n<p>Sch\u00fclerinnen und Sch\u00fcler sollen zu einem verantwortungsvollen Umgang mit der eigenen Sexualit\u00e4t, der eigenen sexuellen Ausrichtung und der Entfaltung der eigenen Pers\u00f6nlichkeit finden. Dabei setzen sie sich auf der Wertebasis der bayrischen Verfassung mit sozialen, sozialethischen, weltanschaulich religi\u00f6sen und rechtlichen Aspekten auseinander. Sie lernen die Familie als Gemeinschaft von (biologischen und sozialen) Eltern und Kindern, die Ehe als verfassungsrechtlich gesch\u00fctzte Grundlage der Familie, sowie die in den Normen des Ehe- und Familienrechtes weiter aufgef\u00fchrten Formen der Lebensgemeinschaft kennen. Die Bedeutung der Familie Als Schutzraum zur Pers\u00f6nlichkeitsentfaltung wird besonders betont.<\/p>\n\n<!-- NOTE: If you need to make changes to this file, copy it to your current theme's main\n\tdirectory so your changes won't be overwritten when the plugin is upgraded. -->\n\n<!-- Post Wrap Start-->\n<div class=\"post hentry ivycat-post\">\n\n\t<!-- \tThis outputs the post TITLE -->\n\t<h2 class=\"entry-title\"><a href=\"https:\/\/fase.alp.dillingen.de\/?p=156\">Basistext Selbstkonzept und Gesellschaft<\/a><\/h2>\n\n\t<!-- \tThis outputs the post EXCERPT.  To display full content including images and html,\n\t\treplace the_excerpt(); with the_content();  below. -->\n\t<div class=\"entry-summary\">\n\t\t<p>Menschliche Sexualit\u00e4t spiegelt sich in vielen Lebensbereichen wieder: Sie ist Energiequelle f\u00fcr Kunst, Musik, beeinflusst politisches Handeln, ist Forschungsgegenstand der Wissenschaft in verschiedenen Disziplinen und stellt heutzutage auch einen Wirtschaftsfaktor (\u201eSex Sells\u201c) dar. Alle diese Facetten sollten in der Sexualerziehung ber\u00fccksichtigt werden. Sch\u00fclerinnen und Sch\u00fcler sollen allm\u00e4hlich zu einem verantwortungs\u00advollen Umgang mit der eigenen Sexualit\u00e4t, &hellip; <\/p>\n<p class=\"link-more\"><a href=\"https:\/\/fase.alp.dillingen.de\/?p=156\" class=\"more-link\"><span class=\"screen-reader-text\">\u201eBasistext Selbstkonzept und Gesellschaft\u201c <\/span>weiterlesen<\/a><\/p>\n\t<\/div>\n\n\t<!--\tThis outputs the post META information -->\n\t<div class=\"entry-utility\">\n\t\t\t\t\t<span class=\"cat-links\">\n\t\t\t\t<span class=\"entry-utility-prep entry-utility-prep-cat-links\">Posted in<\/span> <a href=\"https:\/\/fase.alp.dillingen.de\/?cat=5\" rel=\"category\">Selbstkonzept und Gesellschaft<\/a>\t\t\t<\/span>\n\t\t\t<span class=\"meta-sep\">|<\/span>\n\t\t\t\t\t\t<span class=\"comments-link\">\n\t\t\t<span>Kommentare deaktiviert<span class=\"screen-reader-text\"> f\u00fcr Basistext Selbstkonzept und Gesellschaft<\/span><\/span>\t\t<\/span>\n\t\t\t<\/div>\n<\/div>\n<!-- \/\/ Post Wrap End -->\n\n<!-- NOTE: If you need to make changes to this file, copy it to your current theme's main\n\tdirectory so your changes won't be overwritten when the plugin is upgraded. -->\n\n<!-- Post Wrap Start-->\n<div class=\"post hentry ivycat-post\">\n\n\t<!-- \tThis outputs the post TITLE -->\n\t<h2 class=\"entry-title\"><a href=\"https:\/\/fase.alp.dillingen.de\/?p=119\">Familie, Partner, Kinderwunsch<\/a><\/h2>\n\n\t<!-- \tThis outputs the post EXCERPT.  To display full content including images and html,\n\t\treplace the_excerpt(); with the_content();  below. -->\n\t<div class=\"entry-summary\">\n\t\t<p>1. Familie und ich \/ Rollenbild und Selbstkonzept Obwohl in der Verfassung die Gleichberechtigung von M\u00e4nnern und Frauen festgeschrieben ist, ist die gesellschaftliche Realit\u00e4t immer noch eine andere: Frauen sind nicht nur in der F\u00fchrungsebene unterrepr\u00e4sentiert, sondern verdienen f\u00fcr vergleichbare Arbeit auch weniger. Oft schon sehr fr\u00fch werden M\u00e4dchen auf typisch weibliche Verhaltensweisen und damit &hellip; <\/p>\n<p class=\"link-more\"><a href=\"https:\/\/fase.alp.dillingen.de\/?p=119\" class=\"more-link\"><span class=\"screen-reader-text\">\u201eFamilie, Partner, Kinderwunsch\u201c <\/span>weiterlesen<\/a><\/p>\n\t<\/div>\n\n\t<!--\tThis outputs the post META information -->\n\t<div class=\"entry-utility\">\n\t\t\t\t\t<span class=\"cat-links\">\n\t\t\t\t<span class=\"entry-utility-prep entry-utility-prep-cat-links\">Posted in<\/span> <a href=\"https:\/\/fase.alp.dillingen.de\/?cat=5\" rel=\"category\">Selbstkonzept und Gesellschaft<\/a>\t\t\t<\/span>\n\t\t\t<span class=\"meta-sep\">|<\/span>\n\t\t\t\t\t\t<span class=\"comments-link\">\n\t\t\t<span>Kommentare deaktiviert<span class=\"screen-reader-text\"> f\u00fcr Familie, Partner, Kinderwunsch<\/span><\/span>\t\t<\/span>\n\t\t\t<\/div>\n<\/div>\n<!-- \/\/ Post Wrap End -->\n\n","protected":false},"excerpt":{"rendered":"<p>Das Verst\u00e4ndnis der eigenen Geschlechtlichkeit, die Bedeutung einer seelisch k\u00f6rperlichen Partnerschaft l\u00e4sst Jugendliche die Notwendigkeit sittlicher Entscheidungen und verantwortungsbewussten Handelns erkennen. Sch\u00fclerinnen und Sch\u00fcler sollen zu einem verantwortungsvollen Umgang mit der eigenen Sexualit\u00e4t, der eigenen sexuellen Ausrichtung und der Entfaltung der eigenen Pers\u00f6nlichkeit finden. Dabei setzen sie sich auf der Wertebasis der bayrischen Verfassung mit &hellip; <\/p>\n<p class=\"link-more\"><a href=\"https:\/\/fase.alp.dillingen.de\/?p=119\" class=\"more-link\"><span class=\"screen-reader-text\">\u201eFamilie, Partner, Kinderwunsch\u201c <\/span>weiterlesen<\/a><\/p>\n","protected":false},"author":1,"featured_media":0,"parent":0,"menu_order":0,"comment_status":"closed","ping_status":"closed","template":"","meta":{"footnotes":""},"class_list":["post-14","page","type-page","status-publish","hentry"],"_links":{"self":[{"href":"https:\/\/fase.alp.dillingen.de\/index.php?rest_route=\/wp\/v2\/pages\/14","targetHints":{"allow":["GET"]}}],"collection":[{"href":"https:\/\/fase.alp.dillingen.de\/index.php?rest_route=\/wp\/v2\/pages"}],"about":[{"href":"https:\/\/fase.alp.dillingen.de\/index.php?rest_route=\/wp\/v2\/types\/page"}],"author":[{"embeddable":true,"href":"https:\/\/fase.alp.dillingen.de\/index.php?rest_route=\/wp\/v2\/users\/1"}],"replies":[{"embeddable":true,"href":"https:\/\/fase.alp.dillingen.de\/index.php?rest_route=%2Fwp%2Fv2%2Fcomments&post=14"}],"version-history":[{"count":9,"href":"https:\/\/fase.alp.dillingen.de\/index.php?rest_route=\/wp\/v2\/pages\/14\/revisions"}],"predecessor-version":[{"id":128,"href":"https:\/\/fase.alp.dillingen.de\/index.php?rest_route=\/wp\/v2\/pages\/14\/revisions\/128"}],"wp:attachment":[{"href":"https:\/\/fase.alp.dillingen.de\/index.php?rest_route=%2Fwp%2Fv2%2Fmedia&parent=14"}],"curies":[{"name":"wp","href":"https:\/\/api.w.org\/{rel}","templated":true}]}}