{"id":12,"date":"2018-07-25T12:24:14","date_gmt":"2018-07-25T12:24:14","guid":{"rendered":"http:\/\/fase.alp.dillingen.de\/?page_id=12"},"modified":"2023-05-28T22:04:24","modified_gmt":"2023-05-28T21:04:24","slug":"geschlechterrolle-geschlechterbild","status":"publish","type":"page","link":"https:\/\/fase.alp.dillingen.de\/?page_id=12","title":{"rendered":"Geschlechterrolle und Geschlechterbild"},"content":{"rendered":"<p>Ziel des Themenfelds ist es, ein positives Selbstverst\u00e4ndnis des eigenen K\u00f6rpers, der eigenen Sexualit\u00e4t und der eigenen Pers\u00f6nlichkeit zu entwickeln. Thematisiert werden die Auseinandersetzung mit der eigenen Geschlechtszugeh\u00f6rigkeit, die Begegnung mit dem anderen und eigenen Geschlecht sowie das Verh\u00e4ltnis der Geschlechter zu- und miteinander.<\/p>\n<p><img loading=\"lazy\" decoding=\"async\" class=\"alignnone wp-image-98 size-full\" src=\"http:\/\/fase.alp.dillingen.de\/wp-content\/uploads\/2018\/12\/zoo.jpg\" alt=\"\" width=\"600\" height=\"226\" srcset=\"https:\/\/fase.alp.dillingen.de\/wp-content\/uploads\/2018\/12\/zoo.jpg 600w, https:\/\/fase.alp.dillingen.de\/wp-content\/uploads\/2018\/12\/zoo-300x113.jpg 300w\" sizes=\"auto, (max-width: 600px) 100vw, 600px\" \/><\/p>\n<p>Sch\u00fclerinnen und Sch\u00fcler betrachten verschiedene soziale Geschlechterrollen und die unterschiedlichen M\u00f6glichkeiten diese zu gestalten. Sie entwickeln selbstbewusst eigene Vorstellungen von K\u00f6rperlichkeit, Sexualit\u00e4t und Identit\u00e4t. Dabei setzen sich die Lernenden kritisch mit sexualisierten Rollenbildern und K\u00f6rpervorstellungen in den Medien auseinander. Diese Auseinandersetzung st\u00fctzt sich auf die drei S\u00e4ulen Wertsch\u00e4tzung, Verantwortungsbewusstsein und Selbstbestimmung. Die Vermittlung der Inhalte zum Themenfeld \u201eGeschlechterrolle und Geschlechtsidentit\u00e4t\u201c \u00fcbernehmen unter anderem die F\u00e4cher Deutsch, Kunst, Musik, Religionslehre und Ethik.<\/p>\n\n<!-- NOTE: If you need to make changes to this file, copy it to your current theme's main\n\tdirectory so your changes won't be overwritten when the plugin is upgraded. -->\n\n<!-- Post Wrap Start-->\n<div class=\"post hentry ivycat-post\">\n\n\t<!-- \tThis outputs the post TITLE -->\n\t<h2 class=\"entry-title\"><a href=\"https:\/\/fase.alp.dillingen.de\/?p=154\">Basistext Geschlechterrolle und Geschlechterbild<\/a><\/h2>\n\n\t<!-- \tThis outputs the post EXCERPT.  To display full content including images and html,\n\t\treplace the_excerpt(); with the_content();  below. -->\n\t<div class=\"entry-summary\">\n\t\t<p>Ziel des Themenfelds ist es, ein positives Verst\u00e4ndnis des eigenen K\u00f6rpers, der Pers\u00f6nlichkeit und der Sexualit\u00e4t zu entwickeln. Thematisiert werden die Auseinandersetzung mit der Geschlechtszugeh\u00f6rigkeit, die Begegnung mit dem anderen und eigenen Geschlecht sowie das Verh\u00e4ltnis der Geschlechter zu- und miteinander. Sch\u00fclerinnen und Sch\u00fcler betrachten verschiedene soziale Geschlechterrollen und die unterschiedlichen M\u00f6glichkeiten diese zu gestalten. &hellip; <\/p>\n<p class=\"link-more\"><a href=\"https:\/\/fase.alp.dillingen.de\/?p=154\" class=\"more-link\"><span class=\"screen-reader-text\">\u201eBasistext Geschlechterrolle und Geschlechterbild\u201c <\/span>weiterlesen<\/a><\/p>\n\t<\/div>\n\n\t<!--\tThis outputs the post META information -->\n\t<div class=\"entry-utility\">\n\t\t\t\t\t<span class=\"cat-links\">\n\t\t\t\t<span class=\"entry-utility-prep entry-utility-prep-cat-links\">Posted in<\/span> <a href=\"https:\/\/fase.alp.dillingen.de\/?cat=4\" rel=\"category\">Geschlechterrolle und Geschlechterbild<\/a>\t\t\t<\/span>\n\t\t\t<span class=\"meta-sep\">|<\/span>\n\t\t\t\t\t\t<span class=\"comments-link\">\n\t\t\t<span>Kommentare deaktiviert<span class=\"screen-reader-text\"> f\u00fcr Basistext Geschlechterrolle und Geschlechterbild<\/span><\/span>\t\t<\/span>\n\t\t\t<\/div>\n<\/div>\n<!-- \/\/ Post Wrap End -->\n\n<!-- NOTE: If you need to make changes to this file, copy it to your current theme's main\n\tdirectory so your changes won't be overwritten when the plugin is upgraded. -->\n\n<!-- Post Wrap Start-->\n<div class=\"post hentry ivycat-post\">\n\n\t<!-- \tThis outputs the post TITLE -->\n\t<h2 class=\"entry-title\"><a href=\"https:\/\/fase.alp.dillingen.de\/?p=96\">Beziehungsformen und sexuelle Orientierung<\/a><\/h2>\n\n\t<!-- \tThis outputs the post EXCERPT.  To display full content including images and html,\n\t\treplace the_excerpt(); with the_content();  below. -->\n\t<div class=\"entry-summary\">\n\t\t<p>Unterschiedliche Lebensweisen und die sexuelle Orientierung m\u00fcssen im Zusammenhang mit Werteerziehung altersgem\u00e4\u00df im Unterricht behandelt werden. Lehrkr\u00e4fte begleiten die Entwicklung von Kindern und Jugendlichen mit Empathie und verstehen die Komplexit\u00e4t der Prozesse der Identit\u00e4tsfindung. Sie sind Vorbilder im demokratischen und wertsch\u00e4tzenden Umgang mit anderen. Es gilt Dem\u00fctigung und Diskriminierung vorzubeugen. Dabei werden Gemeinsamkeiten von hetero-, &hellip; <\/p>\n<p class=\"link-more\"><a href=\"https:\/\/fase.alp.dillingen.de\/?p=96\" class=\"more-link\"><span class=\"screen-reader-text\">\u201eBeziehungsformen und sexuelle Orientierung\u201c <\/span>weiterlesen<\/a><\/p>\n\t<\/div>\n\n\t<!--\tThis outputs the post META information -->\n\t<div class=\"entry-utility\">\n\t\t\t\t\t<span class=\"cat-links\">\n\t\t\t\t<span class=\"entry-utility-prep entry-utility-prep-cat-links\">Posted in<\/span> <a href=\"https:\/\/fase.alp.dillingen.de\/?cat=4\" rel=\"category\">Geschlechterrolle und Geschlechterbild<\/a>\t\t\t<\/span>\n\t\t\t<span class=\"meta-sep\">|<\/span>\n\t\t\t\t\t\t<span class=\"comments-link\">\n\t\t\t<span>Kommentare deaktiviert<span class=\"screen-reader-text\"> f\u00fcr Beziehungsformen und sexuelle Orientierung<\/span><\/span>\t\t<\/span>\n\t\t\t<\/div>\n<\/div>\n<!-- \/\/ Post Wrap End -->\n\n<!-- NOTE: If you need to make changes to this file, copy it to your current theme's main\n\tdirectory so your changes won't be overwritten when the plugin is upgraded. -->\n\n<!-- Post Wrap Start-->\n<div class=\"post hentry ivycat-post\">\n\n\t<!-- \tThis outputs the post TITLE -->\n\t<h2 class=\"entry-title\"><a href=\"https:\/\/fase.alp.dillingen.de\/?p=91\">Geschlechterreflektiertes Unterrichten<\/a><\/h2>\n\n\t<!-- \tThis outputs the post EXCERPT.  To display full content including images and html,\n\t\treplace the_excerpt(); with the_content();  below. -->\n\t<div class=\"entry-summary\">\n\t\t<p>Individuelle F\u00f6rderung hat die bestm\u00f6gliche Entfaltung der St\u00e4rken der Lernenden zum Ziel, jenseits von Rollenerwartungen. Geschlechterreflektiert arbeitende Lehrkr\u00e4fte achten darauf, keine stereotypen Rollenerwartungen weiterzugeben, und er\u00f6ffnen damit den Lernenden eine gr\u00f6\u00dfere Bandbreite an Denk- und Verhaltensm\u00f6glichkeiten. Wirkungsvolle Strategien sind entdramatisierende und nicht-dramatisierende Herangehensweisen. Durch die Entdramatisierung von Geschlechterthemen soll deutlich werden, dass neben dem Geschlecht &hellip; <\/p>\n<p class=\"link-more\"><a href=\"https:\/\/fase.alp.dillingen.de\/?p=91\" class=\"more-link\"><span class=\"screen-reader-text\">\u201eGeschlechterreflektiertes Unterrichten\u201c <\/span>weiterlesen<\/a><\/p>\n\t<\/div>\n\n\t<!--\tThis outputs the post META information -->\n\t<div class=\"entry-utility\">\n\t\t\t\t\t<span class=\"cat-links\">\n\t\t\t\t<span class=\"entry-utility-prep entry-utility-prep-cat-links\">Posted in<\/span> <a href=\"https:\/\/fase.alp.dillingen.de\/?cat=4\" rel=\"category\">Geschlechterrolle und Geschlechterbild<\/a>\t\t\t<\/span>\n\t\t\t<span class=\"meta-sep\">|<\/span>\n\t\t\t\t\t\t<span class=\"comments-link\">\n\t\t\t<span>Kommentare deaktiviert<span class=\"screen-reader-text\"> f\u00fcr Geschlechterreflektiertes Unterrichten<\/span><\/span>\t\t<\/span>\n\t\t\t<\/div>\n<\/div>\n<!-- \/\/ Post Wrap End -->\n\n<!-- NOTE: If you need to make changes to this file, copy it to your current theme's main\n\tdirectory so your changes won't be overwritten when the plugin is upgraded. -->\n\n<!-- Post Wrap Start-->\n<div class=\"post hentry ivycat-post\">\n\n\t<!-- \tThis outputs the post TITLE -->\n\t<h2 class=\"entry-title\"><a href=\"https:\/\/fase.alp.dillingen.de\/?p=89\">Geschlechterrolle und Geschlechtsidentit\u00e4t<\/a><\/h2>\n\n\t<!-- \tThis outputs the post EXCERPT.  To display full content including images and html,\n\t\treplace the_excerpt(); with the_content();  below. -->\n\t<div class=\"entry-summary\">\n\t\t<p>Die Geschlechtsidentit\u00e4t ist die individuelle Auspr\u00e4gung und Gestaltung der eigenen Geschlechterrolle. Durch diese gesellschaftliche Konstruktion sind Geschlechterrollen ver\u00e4nderbar. Oft werden Menschen auf Grund von biologischen Geschlechterunterschieden und deren Zuschreibungen sozialisiert. Um geschlechterreflektiert zu unterrichten, ist es hilfreich empirisch abgesichertes Wissen zum Thema zu ber\u00fccksichtigen. Studien ergeben, dass die Unterschiede von psychologischen Merkmalen innerhalb der Geschlechtergruppen &hellip; <\/p>\n<p class=\"link-more\"><a href=\"https:\/\/fase.alp.dillingen.de\/?p=89\" class=\"more-link\"><span class=\"screen-reader-text\">\u201eGeschlechterrolle und Geschlechtsidentit\u00e4t\u201c <\/span>weiterlesen<\/a><\/p>\n\t<\/div>\n\n\t<!--\tThis outputs the post META information -->\n\t<div class=\"entry-utility\">\n\t\t\t\t\t<span class=\"cat-links\">\n\t\t\t\t<span class=\"entry-utility-prep entry-utility-prep-cat-links\">Posted in<\/span> <a href=\"https:\/\/fase.alp.dillingen.de\/?cat=4\" rel=\"category\">Geschlechterrolle und Geschlechterbild<\/a>\t\t\t<\/span>\n\t\t\t<span class=\"meta-sep\">|<\/span>\n\t\t\t\t\t\t<span class=\"comments-link\">\n\t\t\t<span>Kommentare deaktiviert<span class=\"screen-reader-text\"> f\u00fcr Geschlechterrolle und Geschlechtsidentit\u00e4t<\/span><\/span>\t\t<\/span>\n\t\t\t<\/div>\n<\/div>\n<!-- \/\/ Post Wrap End -->\n\n","protected":false},"excerpt":{"rendered":"<p>Ziel des Themenfelds ist es, ein positives Selbstverst\u00e4ndnis des eigenen K\u00f6rpers, der eigenen Sexualit\u00e4t und der eigenen Pers\u00f6nlichkeit zu entwickeln. Thematisiert werden die Auseinandersetzung mit der eigenen Geschlechtszugeh\u00f6rigkeit, die Begegnung mit dem anderen und eigenen Geschlecht sowie das Verh\u00e4ltnis der Geschlechter zu- und miteinander. Sch\u00fclerinnen und Sch\u00fcler betrachten verschiedene soziale Geschlechterrollen und die unterschiedlichen M\u00f6glichkeiten &hellip; <\/p>\n<p class=\"link-more\"><a href=\"https:\/\/fase.alp.dillingen.de\/?p=89\" class=\"more-link\"><span class=\"screen-reader-text\">\u201eGeschlechterrolle und Geschlechtsidentit\u00e4t\u201c <\/span>weiterlesen<\/a><\/p>\n","protected":false},"author":1,"featured_media":0,"parent":0,"menu_order":0,"comment_status":"closed","ping_status":"closed","template":"","meta":{"footnotes":""},"class_list":["post-12","page","type-page","status-publish","hentry"],"_links":{"self":[{"href":"https:\/\/fase.alp.dillingen.de\/index.php?rest_route=\/wp\/v2\/pages\/12","targetHints":{"allow":["GET"]}}],"collection":[{"href":"https:\/\/fase.alp.dillingen.de\/index.php?rest_route=\/wp\/v2\/pages"}],"about":[{"href":"https:\/\/fase.alp.dillingen.de\/index.php?rest_route=\/wp\/v2\/types\/page"}],"author":[{"embeddable":true,"href":"https:\/\/fase.alp.dillingen.de\/index.php?rest_route=\/wp\/v2\/users\/1"}],"replies":[{"embeddable":true,"href":"https:\/\/fase.alp.dillingen.de\/index.php?rest_route=%2Fwp%2Fv2%2Fcomments&post=12"}],"version-history":[{"count":6,"href":"https:\/\/fase.alp.dillingen.de\/index.php?rest_route=\/wp\/v2\/pages\/12\/revisions"}],"predecessor-version":[{"id":100,"href":"https:\/\/fase.alp.dillingen.de\/index.php?rest_route=\/wp\/v2\/pages\/12\/revisions\/100"}],"wp:attachment":[{"href":"https:\/\/fase.alp.dillingen.de\/index.php?rest_route=%2Fwp%2Fv2%2Fmedia&parent=12"}],"curies":[{"name":"wp","href":"https:\/\/api.w.org\/{rel}","templated":true}]}}